{"id":55,"date":"2018-02-27T13:27:00","date_gmt":"2018-02-27T12:27:00","guid":{"rendered":"http:\/\/normalind.dk\/?page_id=55"},"modified":"2025-06-24T14:34:19","modified_gmt":"2025-06-24T12:34:19","slug":"om-mig-norma-lind","status":"publish","type":"page","link":"https:\/\/normalind.dk\/index.php\/om-mig-norma-lind\/","title":{"rendered":"NORMA LIND"},"content":{"rendered":"\t\t<div data-elementor-type=\"wp-page\" data-elementor-id=\"55\" class=\"elementor elementor-55\">\n\t\t\t\t<div class=\"elementor-element elementor-element-8f61cde e-flex e-con-boxed e-con e-parent\" data-id=\"8f61cde\" data-element_type=\"container\" data-e-type=\"container\">\n\t\t\t\t\t<div class=\"e-con-inner\">\n\t\t\t\t<div class=\"elementor-element elementor-element-e2b0309 elementor-widget elementor-widget-heading\" data-id=\"e2b0309\" data-element_type=\"widget\" data-e-type=\"widget\" data-widget_type=\"heading.default\">\n\t\t\t\t<div class=\"elementor-widget-container\">\n\t\t\t\t\t<h2 class=\"elementor-heading-title elementor-size-default\">Om Norma Lind<\/h2>\t\t\t\t<\/div>\n\t\t\t\t<\/div>\n\t\t\t\t\t<\/div>\n\t\t\t\t<\/div>\n\t\t<div class=\"elementor-element elementor-element-26ed06f e-flex e-con-boxed e-con e-parent\" data-id=\"26ed06f\" data-element_type=\"container\" data-e-type=\"container\">\n\t\t\t\t\t<div class=\"e-con-inner\">\n\t\t\t\t<div class=\"elementor-element elementor-element-ca31045 elementor-widget elementor-widget-zigzag\" data-id=\"ca31045\" data-element_type=\"widget\" data-e-type=\"widget\" data-settings=\"{&quot;image_shape&quot;:&quot;sharp&quot;}\" data-widget_type=\"zigzag.default\">\n\t\t\t\t<div class=\"elementor-widget-container\">\n\t\t\t\t\t\t\t<div class=\"ehp-zigzag has-direction-start\">\n\t\t\t\t\t\t\t<div class=\"ehp-zigzag__item-wrapper\">\n\t\t\t\t\t<div class=\"ehp-zigzag__item-container\">\n\t\t\t\t\t\t\t\t<div class=\"ehp-zigzag__graphic-element-container has-image\">\n\t\t\t\t\t\t<div class=\"ehp-image ehp-zigzag__image-container\">\n\t\t\t\t<img decoding=\"async\" class=\"ehp-image__img ehp-zigzag__img has-shape-sharp shape-type-image\" src=\"https:\/\/normalind.dk\/wp-content\/uploads\/2025\/05\/Samarbejde.png\" title=\"Samarbejde\" alt=\"Samarbejde\" loading=\"lazy\" \/>\t\t\t<\/div>\n\t\t\t\t\t<\/div>\n\t\t\t\t<div class=\"ehp-zigzag__text-container is-graphic-image\">\n\t\t\t<h2 class=\"ehp-zigzag__title\">Opdagede ny m\u00e5de at samarbejde p\u00e5<\/h2><p class=\"ehp-zigzag__description\">Min interesse for coaching opstod, i forbindelse med en oplevelse, jeg havde p\u00e5 min dav\u00e6rende arbejdsplads. \n\nVi var s\u00e5 heldige, at f\u00e5 tilbudt gruppecoaching som temadag, og det skabte en markant forandring i vores m\u00e5de at samarbejde p\u00e5.<\/p>\t\t<\/div>\n\t\t\t\t\t\t\t<\/div>\n\t\t\t\t<\/div>\n\t\t\t\t\t\t\t\t<div class=\"ehp-zigzag__item-wrapper\">\n\t\t\t\t\t<div class=\"ehp-zigzag__item-container\">\n\t\t\t\t\t\t\t\t<div class=\"ehp-zigzag__graphic-element-container has-image\">\n\t\t\t\t\t\t<div class=\"ehp-image ehp-zigzag__image-container ehp-image ehp-zigzag__image-container\">\n\t\t\t\t<img decoding=\"async\" class=\"ehp-image__img ehp-zigzag__img has-shape-sharp shape-type-image\" src=\"https:\/\/normalind.dk\/wp-content\/uploads\/2025\/05\/Uddannelse.png\" title=\"Uddannelse\" alt=\"Uddannelse\" loading=\"lazy\" \/>\t\t\t<\/div>\n\t\t\t\t\t<\/div>\n\t\t\t\t<div class=\"ehp-zigzag__text-container is-graphic-image\">\n\t\t\t<h2 class=\"ehp-zigzag__title\">Valgte en ny uddannelse<\/h2><p class=\"ehp-zigzag__description\">Det startede en samtale mellem os, som var mere \u00e5ben, ansvarlig og med f\u00e6lles retning. Samtidig skete der en personlig udvikling hos mig, og min m\u00e5de at v\u00e6re i verden p\u00e5.\n\nDet v\u00e6kkede min nysgerrighed og gjorde, at jeg valgte at uddanne mig til Positiv psykologi vejleder, Styrke Konsulent og Lifecoach.<\/p>\t\t<\/div>\n\t\t\t\t\t\t\t<\/div>\n\t\t\t\t<\/div>\n\t\t\t\t\t\t\t\t<div class=\"ehp-zigzag__item-wrapper\">\n\t\t\t\t\t<div class=\"ehp-zigzag__item-container\">\n\t\t\t\t\t\t\t\t<div class=\"ehp-zigzag__graphic-element-container has-image\">\n\t\t\t\t\t\t<div class=\"ehp-image ehp-zigzag__image-container ehp-image ehp-zigzag__image-container ehp-image ehp-zigzag__image-container\">\n\t\t\t\t<img decoding=\"async\" class=\"ehp-image__img ehp-zigzag__img has-shape-sharp shape-type-image\" src=\"https:\/\/normalind.dk\/wp-content\/uploads\/2025\/05\/Selvstaendig-1.png\" title=\"Selvst\u00e6ndig\" alt=\"Selvst\u00e6ndig\" loading=\"lazy\" \/>\t\t\t<\/div>\n\t\t\t\t\t<\/div>\n\t\t\t\t<div class=\"ehp-zigzag__text-container is-graphic-image\">\n\t\t\t<h2 class=\"ehp-zigzag__title\">Sagde mit faste job op<\/h2><p class=\"ehp-zigzag__description\">Jeg gik dog stadig rundt med den magiske oplevelse fra dengang vi fik coaching som gruppe p\u00e5 mit arbejde. \n\nDerfor tog jeg uddannelsen som Gruppe Facilitator, s\u00e5 snart muligheden b\u00f8d sig.\nSamme \u00e5r valgte jeg at sige mit faste arbejde op og blive selvst\u00e6ndig.<\/p>\t\t<\/div>\n\t\t\t\t\t\t\t<\/div>\n\t\t\t\t<\/div>\n\t\t\t\t\t\t\t\t<div class=\"ehp-zigzag__item-wrapper\">\n\t\t\t\t\t<div class=\"ehp-zigzag__item-container\">\n\t\t\t\t\t\t\t\t<div class=\"ehp-zigzag__graphic-element-container has-image\">\n\t\t\t\t\t\t<div class=\"ehp-image ehp-zigzag__image-container ehp-image ehp-zigzag__image-container ehp-image ehp-zigzag__image-container ehp-image ehp-zigzag__image-container\">\n\t\t\t\t<img decoding=\"async\" class=\"ehp-image__img ehp-zigzag__img has-shape-sharp shape-type-image\" src=\"https:\/\/normalind.dk\/wp-content\/uploads\/2025\/05\/Selvstaendig.png\" title=\"Selvst\u00e6ndig\" alt=\"Selvst\u00e6ndig\" loading=\"lazy\" \/>\t\t\t<\/div>\n\t\t\t\t\t<\/div>\n\t\t\t\t<div class=\"ehp-zigzag__text-container is-graphic-image\">\n\t\t\t<h2 class=\"ehp-zigzag__title\">Skal jeg hj\u00e6lpe dig?<\/h2><p class=\"ehp-zigzag__description\">Siden har jeg arbejdet m\u00e5lrettet med at skabe rum for refleksion, udvikling og forandring, b\u00e5de individuelt og i teams. Nu bruger jeg min erfaring til at st\u00f8tte andre i at finde klarhed, retning og handlekraft.<\/p>\t\t<div class=\"ehp-zigzag__button-container\">\n\t\t\t<a class=\"ehp-button ehp-button--primary ehp-zigzag__button ehp-zigzag__button--primary is-type-link\" href=\"mailto:info@normalind.dk\">\n\t\t\t\t<span class=\"ehp-zigzag__button-text\">KONTAKT MIG<\/span>\t\t\t\t\t<\/a>\n\t\t<\/div>\n\t\t\t\t<\/div>\n\t\t\t\t\t\t\t<\/div>\n\t\t\t\t<\/div>\n\t\t\t\t\t\t\t<\/div>\n\t\t\t\t\t\t<\/div>\n\t\t\t\t<\/div>\n\t\t\t\t\t<\/div>\n\t\t\t\t<\/div>\n\t\t<div class=\"elementor-element elementor-element-0bf881e e-flex e-con-boxed e-con e-parent\" data-id=\"0bf881e\" data-element_type=\"container\" data-e-type=\"container\" data-settings=\"{&quot;background_background&quot;:&quot;classic&quot;}\">\n\t\t\t\t\t<div class=\"e-con-inner\">\n\t\t\t\t<div class=\"elementor-element elementor-element-46fd0849 elementor-widget__width-initial elementor-widget elementor-widget-heading\" data-id=\"46fd0849\" data-element_type=\"widget\" data-e-type=\"widget\" data-widget_type=\"heading.default\">\n\t\t\t\t<div class=\"elementor-widget-container\">\n\t\t\t\t\t<h2 class=\"elementor-heading-title elementor-size-default\">NORMA LIND<\/h2>\t\t\t\t<\/div>\n\t\t\t\t<\/div>\n\t\t\t\t\t<\/div>\n\t\t\t\t<\/div>\n\t\t<div class=\"elementor-element elementor-element-2042dcc e-flex e-con-boxed e-con e-parent\" data-id=\"2042dcc\" data-element_type=\"container\" data-e-type=\"container\" data-settings=\"{&quot;background_background&quot;:&quot;classic&quot;}\">\n\t\t\t\t\t<div class=\"e-con-inner\">\n\t\t\t\t<div class=\"elementor-element elementor-element-2a1c0e7f elementor-widget__width-initial elementor-widget elementor-widget-text-editor\" data-id=\"2a1c0e7f\" data-element_type=\"widget\" data-e-type=\"widget\" data-widget_type=\"text-editor.default\">\n\t\t\t\t<div class=\"elementor-widget-container\">\n\t\t\t\t\t\t\t\t\t<p style=\"text-align: center;\"><span style=\"color: #ffffff;\">UDVIKLER MENNESKER MED OMTANKE<\/span><\/p>\t\t\t\t\t\t\t\t<\/div>\n\t\t\t\t<\/div>\n\t\t\t\t\t<\/div>\n\t\t\t\t<\/div>\n\t\t<div class=\"elementor-element elementor-element-77b7123 e-flex e-con-boxed e-con e-parent\" data-id=\"77b7123\" data-element_type=\"container\" data-e-type=\"container\" data-settings=\"{&quot;background_background&quot;:&quot;classic&quot;}\">\n\t\t\t\t\t<div class=\"e-con-inner\">\n\t\t<div class=\"elementor-element elementor-element-13c9dec e-con-full e-flex e-con e-child\" data-id=\"13c9dec\" data-element_type=\"container\" data-e-type=\"container\">\n\t\t\t\t<div class=\"elementor-element elementor-element-12027ad1 elementor-widget elementor-widget-heading\" data-id=\"12027ad1\" data-element_type=\"widget\" data-e-type=\"widget\" data-widget_type=\"heading.default\">\n\t\t\t\t<div class=\"elementor-widget-container\">\n\t\t\t\t\t<h3 class=\"elementor-heading-title elementor-size-default\">INFO<\/h3>\t\t\t\t<\/div>\n\t\t\t\t<\/div>\n\t\t\t\t<div class=\"elementor-element elementor-element-26668427 elementor-widget elementor-widget-text-editor\" data-id=\"26668427\" data-element_type=\"widget\" data-e-type=\"widget\" data-widget_type=\"text-editor.default\">\n\t\t\t\t<div class=\"elementor-widget-container\">\n\t\t\t\t\t\t\t\t\t<p style=\"text-align: center;\"><a style=\"font-family: Poppins, sans-serif; font-size: 17px; letter-spacing: 0px; text-transform: none; background-color: #88997e; color: #ffffff;\" href=\"phone:+4542797519\">Tlf.: 42 79 75 19\u00a0<\/a><\/p><p style=\"text-align: center;\"><span style=\"color: #ffffff;\"> <a style=\"color: #ffffff;\" href=\"mailto:info@normalind.dk\">info@normalind.dk<\/a><\/span><\/p><p style=\"text-align: center;\"><span style=\"color: #ffffff;\">CVR.: 39853485<\/span><\/p>\t\t\t\t\t\t\t\t<\/div>\n\t\t\t\t<\/div>\n\t\t\t\t<\/div>\n\t\t<div class=\"elementor-element elementor-element-4501430f e-con-full e-flex e-con e-child\" data-id=\"4501430f\" data-element_type=\"container\" data-e-type=\"container\">\n\t\t\t\t<div class=\"elementor-element elementor-element-5025f94 elementor-shape-rounded elementor-grid-0 e-grid-align-center elementor-widget elementor-widget-social-icons\" data-id=\"5025f94\" data-element_type=\"widget\" data-e-type=\"widget\" data-widget_type=\"social-icons.default\">\n\t\t\t\t<div class=\"elementor-widget-container\">\n\t\t\t\t\t\t\t<div class=\"elementor-social-icons-wrapper elementor-grid\" role=\"list\">\n\t\t\t\t\t\t\t<span class=\"elementor-grid-item\" role=\"listitem\">\n\t\t\t\t\t<a class=\"elementor-icon elementor-social-icon elementor-social-icon-facebook elementor-repeater-item-2cc9868\" href=\"https:\/\/www.facebook.com\/normalindthomsen\" target=\"_blank\">\n\t\t\t\t\t\t<span class=\"elementor-screen-only\">Facebook<\/span>\n\t\t\t\t\t\t<svg aria-hidden=\"true\" class=\"e-font-icon-svg e-fab-facebook\" viewBox=\"0 0 512 512\" xmlns=\"http:\/\/www.w3.org\/2000\/svg\"><path d=\"M504 256C504 119 393 8 256 8S8 119 8 256c0 123.78 90.69 226.38 209.25 245V327.69h-63V256h63v-54.64c0-62.15 37-96.48 93.67-96.48 27.14 0 55.52 4.84 55.52 4.84v61h-31.28c-30.8 0-40.41 19.12-40.41 38.73V256h68.78l-11 71.69h-57.78V501C413.31 482.38 504 379.78 504 256z\"><\/path><\/svg>\t\t\t\t\t<\/a>\n\t\t\t\t<\/span>\n\t\t\t\t\t\t\t<span class=\"elementor-grid-item\" role=\"listitem\">\n\t\t\t\t\t<a class=\"elementor-icon elementor-social-icon elementor-social-icon-instagram elementor-repeater-item-04f5abe\" href=\"https:\/\/www.instagram.com\/normalindthomsen\/\" target=\"_blank\">\n\t\t\t\t\t\t<span class=\"elementor-screen-only\">Instagram<\/span>\n\t\t\t\t\t\t<svg aria-hidden=\"true\" class=\"e-font-icon-svg e-fab-instagram\" viewBox=\"0 0 448 512\" xmlns=\"http:\/\/www.w3.org\/2000\/svg\"><path d=\"M224.1 141c-63.6 0-114.9 51.3-114.9 114.9s51.3 114.9 114.9 114.9S339 319.5 339 255.9 287.7 141 224.1 141zm0 189.6c-41.1 0-74.7-33.5-74.7-74.7s33.5-74.7 74.7-74.7 74.7 33.5 74.7 74.7-33.6 74.7-74.7 74.7zm146.4-194.3c0 14.9-12 26.8-26.8 26.8-14.9 0-26.8-12-26.8-26.8s12-26.8 26.8-26.8 26.8 12 26.8 26.8zm76.1 27.2c-1.7-35.9-9.9-67.7-36.2-93.9-26.2-26.2-58-34.4-93.9-36.2-37-2.1-147.9-2.1-184.9 0-35.8 1.7-67.6 9.9-93.9 36.1s-34.4 58-36.2 93.9c-2.1 37-2.1 147.9 0 184.9 1.7 35.9 9.9 67.7 36.2 93.9s58 34.4 93.9 36.2c37 2.1 147.9 2.1 184.9 0 35.9-1.7 67.7-9.9 93.9-36.2 26.2-26.2 34.4-58 36.2-93.9 2.1-37 2.1-147.8 0-184.8zM398.8 388c-7.8 19.6-22.9 34.7-42.6 42.6-29.5 11.7-99.5 9-132.1 9s-102.7 2.6-132.1-9c-19.6-7.8-34.7-22.9-42.6-42.6-11.7-29.5-9-99.5-9-132.1s-2.6-102.7 9-132.1c7.8-19.6 22.9-34.7 42.6-42.6 29.5-11.7 99.5-9 132.1-9s102.7-2.6 132.1 9c19.6 7.8 34.7 22.9 42.6 42.6 11.7 29.5 9 99.5 9 132.1s2.7 102.7-9 132.1z\"><\/path><\/svg>\t\t\t\t\t<\/a>\n\t\t\t\t<\/span>\n\t\t\t\t\t<\/div>\n\t\t\t\t\t\t<\/div>\n\t\t\t\t<\/div>\n\t\t\t\t<\/div>\n\t\t<div class=\"elementor-element elementor-element-772aa7d9 e-con-full e-flex e-con e-child\" data-id=\"772aa7d9\" data-element_type=\"container\" data-e-type=\"container\">\n\t\t\t\t<div class=\"elementor-element elementor-element-f5c1a6c elementor-widget elementor-widget-heading\" data-id=\"f5c1a6c\" data-element_type=\"widget\" data-e-type=\"widget\" data-widget_type=\"heading.default\">\n\t\t\t\t<div class=\"elementor-widget-container\">\n\t\t\t\t\t<h3 class=\"elementor-heading-title elementor-size-default\">LINKS<\/h3>\t\t\t\t<\/div>\n\t\t\t\t<\/div>\n\t\t\t\t<div class=\"elementor-element elementor-element-53c6e451 elementor-widget elementor-widget-text-editor\" data-id=\"53c6e451\" data-element_type=\"widget\" data-e-type=\"widget\" data-widget_type=\"text-editor.default\">\n\t\t\t\t<div class=\"elementor-widget-container\">\n\t\t\t\t\t\t\t\t\t<p style=\"text-align: center;\"><span style=\"color: #ffffff;\"><a style=\"color: #ffffff;\" href=\"https:\/\/normalind.dk\/index.php\/teamcoaching\/\">TEAMCOACHING<\/a><\/span><\/p><p style=\"text-align: center;\"><a href=\"https:\/\/normalind.dk\/index.php\/ledercoaching\/\"><span style=\"color: #ffffff;\"><span style=\"color: #ffffff; letter-spacing: 0px;\">LEDELSESCOACHING<\/span><\/span><\/a><\/p><p style=\"text-align: center;\"><span style=\"color: #ffffff;\"><a style=\"color: #ffffff;\" href=\"https:\/\/normalind.dk\/index.php\/personligcoaching\/\">PERSONLIG COACHING<\/a><\/span><\/p><p style=\"text-align: center;\"><span style=\"color: #ffffff;\"><a style=\"color: #ffffff;\" href=\"https:\/\/normalind.dk\/index.php\/om-mig-norma-lind\/\">OM NORMA LIND<\/a><\/span><\/p><p style=\"text-align: center;\"><span style=\"color: #ffffff;\"><a style=\"color: #ffffff;\" href=\"https:\/\/normalind.dk\/index.php\/referencer\/\">REFERENCER<\/a><\/span><\/p><p style=\"text-align: center;\"><span style=\"color: #ffffff;\"><a style=\"color: #ffffff;\" href=\"https:\/\/normalind.dk\/index.php\/kontakt-norma-lind\/\">KONTAKT<\/a><\/span><\/p><p style=\"text-align: center;\"><span style=\"color: #ffffff;\"><a style=\"color: #ffffff;\" href=\"https:\/\/normalind.dk\/index.php\/book-norma-lind-coach\/\">BOOK<\/a><\/span><\/p><p style=\"text-align: center;\"><a href=\"https:\/\/normalind.dk\/\"><span style=\"color: #ffffff;\">PRIVATLIVSPOLITIK<\/span><span style=\"color: #ffffff; letter-spacing: 0px;\">\u00a0<\/span><\/a><\/p>\t\t\t\t\t\t\t\t<\/div>\n\t\t\t\t<\/div>\n\t\t\t\t<\/div>\n\t\t\t\t\t<\/div>\n\t\t\t\t<\/div>\n\t\t\t\t<\/div>\n\t\t","protected":false},"excerpt":{"rendered":"<p>Om Norma Lind Opdagede ny m\u00e5de at samarbejde p\u00e5 Min interesse for coaching opstod, i forbindelse med en oplevelse, jeg havde p\u00e5 min dav\u00e6rende arbejdsplads. Vi var s\u00e5 heldige, at f\u00e5 tilbudt gruppecoaching som temadag, og det skabte en markant forandring i vores m\u00e5de at&nbsp;<a class=\"read-more\" href=\"https:\/\/normalind.dk\/index.php\/om-mig-norma-lind\/\">&hellip;<\/a><\/p>\n","protected":false},"author":1,"featured_media":0,"parent":0,"menu_order":0,"comment_status":"closed","ping_status":"closed","template":"","meta":{"_monsterinsights_skip_tracking":false,"_monsterinsights_sitenote_active":false,"_monsterinsights_sitenote_note":"","_monsterinsights_sitenote_category":0,"footnotes":""},"class_list":["post-55","page","type-page","status-publish","hentry"],"yoast_head":"<!-- This site is optimized with the Yoast SEO plugin v26.6 - https:\/\/yoast.com\/wordpress\/plugins\/seo\/ -->\n<title>Om mig - Norma Lind Coaching - K\u00e6rlig tilgang til livet<\/title>\n<meta name=\"description\" content=\"Norma Lind - Jeg har altid arbejdet med mennesker p\u00e5 den ene eller anden m\u00e5de. De seneste \u00e5r har jeg v\u00e6ret s\u00e6rligt interesseret i personlig udvikling og i hvad vi kan opn\u00e5 ved at v\u00e6re bevidste og have fokus p\u00e5 alt det der virker i vores liv.\" \/>\n<meta name=\"robots\" content=\"index, follow, max-snippet:-1, max-image-preview:large, max-video-preview:-1\" \/>\n<link rel=\"canonical\" href=\"https:\/\/normalind.dk\/index.php\/om-mig-norma-lind\/\" \/>\n<meta property=\"og:locale\" content=\"da_DK\" \/>\n<meta property=\"og:type\" content=\"article\" \/>\n<meta property=\"og:title\" content=\"Om mig - Norma Lind Coaching - K\u00e6rlig tilgang til livet\" \/>\n<meta property=\"og:description\" content=\"Norma Lind - Jeg har altid arbejdet med mennesker p\u00e5 den ene eller anden m\u00e5de. De seneste \u00e5r har jeg v\u00e6ret s\u00e6rligt interesseret i personlig udvikling og i hvad vi kan opn\u00e5 ved at v\u00e6re bevidste og have fokus p\u00e5 alt det der virker i vores liv.\" \/>\n<meta property=\"og:url\" content=\"https:\/\/normalind.dk\/index.php\/om-mig-norma-lind\/\" \/>\n<meta property=\"og:site_name\" content=\"NORMA LIND\" \/>\n<meta property=\"article:modified_time\" content=\"2025-06-24T12:34:19+00:00\" \/>\n<meta property=\"og:image\" content=\"https:\/\/normalind.dk\/wp-content\/uploads\/2025\/05\/Samarbejde.png\" \/>\n<meta name=\"twitter:card\" content=\"summary_large_image\" \/>\n<meta name=\"twitter:label1\" content=\"Estimeret l\u00e6setid\" \/>\n\t<meta name=\"twitter:data1\" content=\"2 minutter\" \/>\n<script type=\"application\/ld+json\" class=\"yoast-schema-graph\">{\"@context\":\"https:\/\/schema.org\",\"@graph\":[{\"@type\":\"WebPage\",\"@id\":\"https:\/\/normalind.dk\/index.php\/om-mig-norma-lind\/\",\"url\":\"https:\/\/normalind.dk\/index.php\/om-mig-norma-lind\/\",\"name\":\"Om mig - Norma Lind Coaching - K\u00e6rlig tilgang til livet\",\"isPartOf\":{\"@id\":\"https:\/\/normalind.dk\/#website\"},\"primaryImageOfPage\":{\"@id\":\"https:\/\/normalind.dk\/index.php\/om-mig-norma-lind\/#primaryimage\"},\"image\":{\"@id\":\"https:\/\/normalind.dk\/index.php\/om-mig-norma-lind\/#primaryimage\"},\"thumbnailUrl\":\"https:\/\/normalind.dk\/wp-content\/uploads\/2025\/05\/Samarbejde.png\",\"datePublished\":\"2018-02-27T12:27:00+00:00\",\"dateModified\":\"2025-06-24T12:34:19+00:00\",\"description\":\"Norma Lind - Jeg har altid arbejdet med mennesker p\u00e5 den ene eller anden m\u00e5de. De seneste \u00e5r har jeg v\u00e6ret s\u00e6rligt interesseret i personlig udvikling og i hvad vi kan opn\u00e5 ved at v\u00e6re bevidste og have fokus p\u00e5 alt det der virker i vores liv.\",\"breadcrumb\":{\"@id\":\"https:\/\/normalind.dk\/index.php\/om-mig-norma-lind\/#breadcrumb\"},\"inLanguage\":\"da-DK\",\"potentialAction\":[{\"@type\":\"ReadAction\",\"target\":[\"https:\/\/normalind.dk\/index.php\/om-mig-norma-lind\/\"]}]},{\"@type\":\"ImageObject\",\"inLanguage\":\"da-DK\",\"@id\":\"https:\/\/normalind.dk\/index.php\/om-mig-norma-lind\/#primaryimage\",\"url\":\"https:\/\/normalind.dk\/wp-content\/uploads\/2025\/05\/Samarbejde.png\",\"contentUrl\":\"https:\/\/normalind.dk\/wp-content\/uploads\/2025\/05\/Samarbejde.png\",\"width\":550,\"height\":380},{\"@type\":\"BreadcrumbList\",\"@id\":\"https:\/\/normalind.dk\/index.php\/om-mig-norma-lind\/#breadcrumb\",\"itemListElement\":[{\"@type\":\"ListItem\",\"position\":1,\"name\":\"Hjem\",\"item\":\"https:\/\/normalind.dk\/\"},{\"@type\":\"ListItem\",\"position\":2,\"name\":\"NORMA LIND\"}]},{\"@type\":\"WebSite\",\"@id\":\"https:\/\/normalind.dk\/#website\",\"url\":\"https:\/\/normalind.dk\/\",\"name\":\"NORMA LIND\",\"description\":\"Udvikler mennesker med omtanke\",\"potentialAction\":[{\"@type\":\"SearchAction\",\"target\":{\"@type\":\"EntryPoint\",\"urlTemplate\":\"https:\/\/normalind.dk\/?s={search_term_string}\"},\"query-input\":{\"@type\":\"PropertyValueSpecification\",\"valueRequired\":true,\"valueName\":\"search_term_string\"}}],\"inLanguage\":\"da-DK\"}]}<\/script>\n<!-- \/ Yoast SEO plugin. -->","yoast_head_json":{"title":"Om mig - Norma Lind Coaching - K\u00e6rlig tilgang til livet","description":"Norma Lind - Jeg har altid arbejdet med mennesker p\u00e5 den ene eller anden m\u00e5de. De seneste \u00e5r har jeg v\u00e6ret s\u00e6rligt interesseret i personlig udvikling og i hvad vi kan opn\u00e5 ved at v\u00e6re bevidste og have fokus p\u00e5 alt det der virker i vores liv.","robots":{"index":"index","follow":"follow","max-snippet":"max-snippet:-1","max-image-preview":"max-image-preview:large","max-video-preview":"max-video-preview:-1"},"canonical":"https:\/\/normalind.dk\/index.php\/om-mig-norma-lind\/","og_locale":"da_DK","og_type":"article","og_title":"Om mig - Norma Lind Coaching - K\u00e6rlig tilgang til livet","og_description":"Norma Lind - Jeg har altid arbejdet med mennesker p\u00e5 den ene eller anden m\u00e5de. De seneste \u00e5r har jeg v\u00e6ret s\u00e6rligt interesseret i personlig udvikling og i hvad vi kan opn\u00e5 ved at v\u00e6re bevidste og have fokus p\u00e5 alt det der virker i vores liv.","og_url":"https:\/\/normalind.dk\/index.php\/om-mig-norma-lind\/","og_site_name":"NORMA LIND","article_modified_time":"2025-06-24T12:34:19+00:00","og_image":[{"url":"https:\/\/normalind.dk\/wp-content\/uploads\/2025\/05\/Samarbejde.png","type":"","width":"","height":""}],"twitter_card":"summary_large_image","twitter_misc":{"Estimeret l\u00e6setid":"2 minutter"},"schema":{"@context":"https:\/\/schema.org","@graph":[{"@type":"WebPage","@id":"https:\/\/normalind.dk\/index.php\/om-mig-norma-lind\/","url":"https:\/\/normalind.dk\/index.php\/om-mig-norma-lind\/","name":"Om mig - Norma Lind Coaching - K\u00e6rlig tilgang til livet","isPartOf":{"@id":"https:\/\/normalind.dk\/#website"},"primaryImageOfPage":{"@id":"https:\/\/normalind.dk\/index.php\/om-mig-norma-lind\/#primaryimage"},"image":{"@id":"https:\/\/normalind.dk\/index.php\/om-mig-norma-lind\/#primaryimage"},"thumbnailUrl":"https:\/\/normalind.dk\/wp-content\/uploads\/2025\/05\/Samarbejde.png","datePublished":"2018-02-27T12:27:00+00:00","dateModified":"2025-06-24T12:34:19+00:00","description":"Norma Lind - Jeg har altid arbejdet med mennesker p\u00e5 den ene eller anden m\u00e5de. De seneste \u00e5r har jeg v\u00e6ret s\u00e6rligt interesseret i personlig udvikling og i hvad vi kan opn\u00e5 ved at v\u00e6re bevidste og have fokus p\u00e5 alt det der virker i vores liv.","breadcrumb":{"@id":"https:\/\/normalind.dk\/index.php\/om-mig-norma-lind\/#breadcrumb"},"inLanguage":"da-DK","potentialAction":[{"@type":"ReadAction","target":["https:\/\/normalind.dk\/index.php\/om-mig-norma-lind\/"]}]},{"@type":"ImageObject","inLanguage":"da-DK","@id":"https:\/\/normalind.dk\/index.php\/om-mig-norma-lind\/#primaryimage","url":"https:\/\/normalind.dk\/wp-content\/uploads\/2025\/05\/Samarbejde.png","contentUrl":"https:\/\/normalind.dk\/wp-content\/uploads\/2025\/05\/Samarbejde.png","width":550,"height":380},{"@type":"BreadcrumbList","@id":"https:\/\/normalind.dk\/index.php\/om-mig-norma-lind\/#breadcrumb","itemListElement":[{"@type":"ListItem","position":1,"name":"Hjem","item":"https:\/\/normalind.dk\/"},{"@type":"ListItem","position":2,"name":"NORMA LIND"}]},{"@type":"WebSite","@id":"https:\/\/normalind.dk\/#website","url":"https:\/\/normalind.dk\/","name":"NORMA LIND","description":"Udvikler mennesker med omtanke","potentialAction":[{"@type":"SearchAction","target":{"@type":"EntryPoint","urlTemplate":"https:\/\/normalind.dk\/?s={search_term_string}"},"query-input":{"@type":"PropertyValueSpecification","valueRequired":true,"valueName":"search_term_string"}}],"inLanguage":"da-DK"}]}},"_links":{"self":[{"href":"https:\/\/normalind.dk\/index.php\/wp-json\/wp\/v2\/pages\/55","targetHints":{"allow":["GET"]}}],"collection":[{"href":"https:\/\/normalind.dk\/index.php\/wp-json\/wp\/v2\/pages"}],"about":[{"href":"https:\/\/normalind.dk\/index.php\/wp-json\/wp\/v2\/types\/page"}],"author":[{"embeddable":true,"href":"https:\/\/normalind.dk\/index.php\/wp-json\/wp\/v2\/users\/1"}],"replies":[{"embeddable":true,"href":"https:\/\/normalind.dk\/index.php\/wp-json\/wp\/v2\/comments?post=55"}],"version-history":[{"count":80,"href":"https:\/\/normalind.dk\/index.php\/wp-json\/wp\/v2\/pages\/55\/revisions"}],"predecessor-version":[{"id":1193,"href":"https:\/\/normalind.dk\/index.php\/wp-json\/wp\/v2\/pages\/55\/revisions\/1193"}],"wp:attachment":[{"href":"https:\/\/normalind.dk\/index.php\/wp-json\/wp\/v2\/media?parent=55"}],"curies":[{"name":"wp","href":"https:\/\/api.w.org\/{rel}","templated":true}]}}