{"id":244,"date":"2020-03-02T20:01:14","date_gmt":"2020-03-02T19:01:14","guid":{"rendered":"https:\/\/normalind.dk\/?page_id=244"},"modified":"2026-03-05T11:11:09","modified_gmt":"2026-03-05T10:11:09","slug":"referencer","status":"publish","type":"page","link":"https:\/\/normalind.dk\/index.php\/referencer\/","title":{"rendered":"REFERENCER"},"content":{"rendered":"\t\t<div data-elementor-type=\"wp-page\" data-elementor-id=\"244\" class=\"elementor elementor-244\">\n\t\t\t\t<div class=\"elementor-element elementor-element-179cc76 e-flex e-con-boxed e-con e-parent\" data-id=\"179cc76\" data-element_type=\"container\" data-e-type=\"container\">\n\t\t\t\t\t<div class=\"e-con-inner\">\n\t\t\t\t<div class=\"elementor-element elementor-element-b759543 elementor-widget elementor-widget-heading\" data-id=\"b759543\" data-element_type=\"widget\" data-e-type=\"widget\" data-widget_type=\"heading.default\">\n\t\t\t\t<div class=\"elementor-widget-container\">\n\t\t\t\t\t<h2 class=\"elementor-heading-title elementor-size-default\">DET SIGER ANDRE<\/h2>\t\t\t\t<\/div>\n\t\t\t\t<\/div>\n\t\t\t\t\t<\/div>\n\t\t\t\t<\/div>\n\t\t<div class=\"elementor-element elementor-element-dbc9eb9 e-flex e-con-boxed e-con e-parent\" data-id=\"dbc9eb9\" data-element_type=\"container\" data-e-type=\"container\" data-settings=\"{&quot;background_background&quot;:&quot;classic&quot;}\">\n\t\t\t\t\t<div class=\"e-con-inner\">\n\t\t\t\t<div class=\"elementor-element elementor-element-929c2ef elementor-widget__width-initial elementor-widget elementor-widget-text-editor\" data-id=\"929c2ef\" data-element_type=\"widget\" data-e-type=\"widget\" data-widget_type=\"text-editor.default\">\n\t\t\t\t<div class=\"elementor-widget-container\">\n\t\t\t\t\t\t\t\t\t<h2><strong style=\"color: #000000; font-size: 14px;\">Udtalelse fra 1:1 coaching-klient:<\/strong><\/h2><blockquote><p>&#8220;Norma har givet mig en stor indsigt i, hvordan jeg selv anskuer og arbejder med problemstillinger. Hun er s\u00e6rligt dygtig til at hj\u00e6lpe med at sk\u00e6re ind til problemets kerne og skabe klarhed d\u00e9r, hvor der f\u00f8r var st\u00f8j.\u00a0<\/p><p>Gennem vores samtaler har hun styrket mit mod til at tr\u00e6ffe aktive og bevidste beslutninger, hvilket har haft en markant positiv effekt p\u00e5 mit velv\u00e6re. Norma m\u00f8der \u00e9n med ro og balance og form\u00e5r at s\u00e6nke tempoet i samtalerne, s\u00e5 der bliver plads til refleksion.\u00a0<br \/>Hun arbejder yderst professionelt og har en imponerende evne til at huske og vende tilbage til tidligere problemstillinger i relation til det aktuelle fokus.<\/p><p>Jeg kan give Norma mine varmeste anbefalinger.&#8221;\u00a0<!-- notionvc: af24d820-0006-4d0b-948f-93e97b91de1e --><\/p><p><span style=\"font-size: 16px;\">Ved at bruge Norma Lind som underviser f\u00e5r man som organisation en unik mulighed for at udvikle<\/span><\/p><\/blockquote><p><span class=\"notion-enable-hover\" style=\"font-weight: 600;\" data-token-index=\"0\">Agnethe Nedergaard Pedersen\u00a0<\/span><\/p><p>PhD, Civilingeni\u00f8r \u00b7 www.agwa.dk\u00a0 \u00a0<!-- notionvc: f5b73afa-08c9-40d7-b3a4-1d07bd10252e --><\/p><p><img decoding=\"async\" class=\"alignnone wp-image-1342\" src=\"https:\/\/normalind.dk\/wp-content\/uploads\/2026\/03\/Agwa-logo-300x89.png\" alt=\"\" width=\"132\" height=\"39\" srcset=\"https:\/\/normalind.dk\/wp-content\/uploads\/2026\/03\/Agwa-logo-300x89.png 300w, https:\/\/normalind.dk\/wp-content\/uploads\/2026\/03\/Agwa-logo.png 668w\" sizes=\"(max-width: 132px) 100vw, 132px\" \/><\/p>\t\t\t\t\t\t\t\t<\/div>\n\t\t\t\t<\/div>\n\t\t\t\t\t<\/div>\n\t\t\t\t<\/div>\n\t\t<div class=\"elementor-element elementor-element-f6e7dfc e-flex e-con-boxed e-con e-parent\" data-id=\"f6e7dfc\" data-element_type=\"container\" data-e-type=\"container\" data-settings=\"{&quot;background_background&quot;:&quot;classic&quot;}\">\n\t\t\t\t\t<div class=\"e-con-inner\">\n\t\t\t\t<div class=\"elementor-element elementor-element-528bd02 elementor-widget__width-initial elementor-widget elementor-widget-text-editor\" data-id=\"528bd02\" data-element_type=\"widget\" data-e-type=\"widget\" data-widget_type=\"text-editor.default\">\n\t\t\t\t<div class=\"elementor-widget-container\">\n\t\t\t\t\t\t\t\t\t<h2><strong>FOA &#8211;\u00a0Kursus \u201dPersonlig udvikling og gruppecoaching\u201d<\/strong><\/h2>\r\nNorma Lind har afholdt et sp\u00e6ndende udviklingskursus over 6 x 4 timer for en gruppe af vores tillidsvalgte.\r\nEt forl\u00f8b hvor deltagerne fik lov at s\u00e6tte hoved, hjerte og krop p\u00e5 spil i en tryg ramme sat af Norma Lind.\r\n\r\nDe tillidsvalgte har f\u00e5et en st\u00f8rre bevidsthed om egne styrker og det bidrag de har til verdenen omkring sig\r\n\u2013 en stor vigtighed for rollen som tillidsvalgt og medarbejdere.\r\n\r\nSamarbejdet med Norma Lind har v\u00e6ret nemt og ligetil for os som organisation. Norma Lind er meget\r\ntydelig i sin kommunikation og n\u00e6rv\u00e6rende til gavn for hele processen.\r\n<h3><strong>Udtalelser fra deltagere:<\/strong><\/h3>\r\n<blockquote>Norma er en fantastisk kvinde, hun er mega god til at videregive brugbare redskaber tilselvudvikling.\r\n\r\nEr blevet bedre til at sige \u201dpyt\u201d til bekymringer og tage ansvar for beslutninger.\r\n\r\nHar givet nye fr\u00f8 til personlig og arbejdsm\u00e6ssig udvikling.<\/blockquote>\r\nVed at bruge Norma Lind som underviser f\u00e5r man som organisation en unik mulighed for at udvikle\r\ntillidsvalgte\/medarbejdere til stor gavn og gl\u00e6de for s\u00e5vel deltagere som organisation.\r\n\r\nNorma Lind anbefales varmt af\r\n\r\n<strong>Hanne Skyum Pedersen<\/strong>\r\n<em>Afdelingsn\u00e6stformand<\/em>\r\n<em>FOA Odense<\/em>\r\n\r\n<strong>Nina Skov-Lauridsen<\/strong>\r\n<em>Afdelingsformand<\/em>\r\n<em>FOA Odense<\/em>\r\n\r\n&nbsp;\r\n\r\n<img decoding=\"async\" class=\"alignnone size-full wp-image-252\" src=\"https:\/\/normalind.dk\/wp-content\/uploads\/2020\/03\/image001.png\" alt=\"\" width=\"224\" height=\"30\" \/>\t\t\t\t\t\t\t\t<\/div>\n\t\t\t\t<\/div>\n\t\t\t\t\t<\/div>\n\t\t\t\t<\/div>\n\t\t<div class=\"elementor-element elementor-element-6c60fe99 e-flex e-con-boxed e-con e-parent\" data-id=\"6c60fe99\" data-element_type=\"container\" data-e-type=\"container\" data-settings=\"{&quot;background_background&quot;:&quot;classic&quot;}\">\n\t\t\t\t\t<div class=\"e-con-inner\">\n\t\t\t\t<div class=\"elementor-element elementor-element-4039790d elementor-widget__width-initial elementor-widget elementor-widget-heading\" data-id=\"4039790d\" data-element_type=\"widget\" data-e-type=\"widget\" data-widget_type=\"heading.default\">\n\t\t\t\t<div class=\"elementor-widget-container\">\n\t\t\t\t\t<h2 class=\"elementor-heading-title elementor-size-default\">NORMA LIND<\/h2>\t\t\t\t<\/div>\n\t\t\t\t<\/div>\n\t\t\t\t\t<\/div>\n\t\t\t\t<\/div>\n\t\t<div class=\"elementor-element elementor-element-4bb2dc12 e-flex e-con-boxed e-con e-parent\" data-id=\"4bb2dc12\" data-element_type=\"container\" data-e-type=\"container\" data-settings=\"{&quot;background_background&quot;:&quot;classic&quot;}\">\n\t\t\t\t\t<div class=\"e-con-inner\">\n\t\t\t\t<div class=\"elementor-element elementor-element-1442a029 elementor-widget__width-initial elementor-widget elementor-widget-text-editor\" data-id=\"1442a029\" data-element_type=\"widget\" data-e-type=\"widget\" data-widget_type=\"text-editor.default\">\n\t\t\t\t<div class=\"elementor-widget-container\">\n\t\t\t\t\t\t\t\t\t<p style=\"text-align: center;\"><span style=\"color: #ffffff;\">UDVIKLER MENNESKER MED OMTANKE<\/span><\/p>\t\t\t\t\t\t\t\t<\/div>\n\t\t\t\t<\/div>\n\t\t\t\t\t<\/div>\n\t\t\t\t<\/div>\n\t\t<div class=\"elementor-element elementor-element-66a9738e e-flex e-con-boxed e-con e-parent\" data-id=\"66a9738e\" data-element_type=\"container\" data-e-type=\"container\" data-settings=\"{&quot;background_background&quot;:&quot;classic&quot;}\">\n\t\t\t\t\t<div class=\"e-con-inner\">\n\t\t<div class=\"elementor-element elementor-element-31bad263 e-con-full e-flex e-con e-child\" data-id=\"31bad263\" data-element_type=\"container\" data-e-type=\"container\">\n\t\t\t\t<div class=\"elementor-element elementor-element-6bd6a7dc elementor-widget elementor-widget-heading\" data-id=\"6bd6a7dc\" data-element_type=\"widget\" data-e-type=\"widget\" data-widget_type=\"heading.default\">\n\t\t\t\t<div class=\"elementor-widget-container\">\n\t\t\t\t\t<h3 class=\"elementor-heading-title elementor-size-default\">INFO<\/h3>\t\t\t\t<\/div>\n\t\t\t\t<\/div>\n\t\t\t\t<div class=\"elementor-element elementor-element-19592fc2 elementor-widget elementor-widget-text-editor\" data-id=\"19592fc2\" data-element_type=\"widget\" data-e-type=\"widget\" data-widget_type=\"text-editor.default\">\n\t\t\t\t<div class=\"elementor-widget-container\">\n\t\t\t\t\t\t\t\t\t<p style=\"text-align: center;\"><a style=\"font-family: Poppins, sans-serif; font-size: 17px; letter-spacing: 0px; text-transform: none; background-color: #88997e; color: #ffffff;\" href=\"phone:+4542797519\">Tlf.: 42 79 75 19\u00a0<\/a><\/p><p style=\"text-align: center;\"><span style=\"color: #ffffff;\"> <a style=\"color: #ffffff;\" href=\"mailto:info@normalind.dk\">info@normalind.dk<\/a><\/span><\/p><p style=\"text-align: center;\"><span style=\"color: #ffffff;\">CVR.: 39853485<\/span><\/p>\t\t\t\t\t\t\t\t<\/div>\n\t\t\t\t<\/div>\n\t\t\t\t<\/div>\n\t\t<div class=\"elementor-element elementor-element-5c696e91 e-con-full e-flex e-con e-child\" data-id=\"5c696e91\" data-element_type=\"container\" data-e-type=\"container\">\n\t\t\t\t<div class=\"elementor-element elementor-element-34ca54e9 elementor-shape-rounded elementor-grid-0 e-grid-align-center elementor-widget elementor-widget-social-icons\" data-id=\"34ca54e9\" data-element_type=\"widget\" data-e-type=\"widget\" data-widget_type=\"social-icons.default\">\n\t\t\t\t<div class=\"elementor-widget-container\">\n\t\t\t\t\t\t\t<div class=\"elementor-social-icons-wrapper elementor-grid\" role=\"list\">\n\t\t\t\t\t\t\t<span class=\"elementor-grid-item\" role=\"listitem\">\n\t\t\t\t\t<a class=\"elementor-icon elementor-social-icon elementor-social-icon-facebook elementor-repeater-item-2cc9868\" href=\"https:\/\/www.facebook.com\/normalindthomsen\" target=\"_blank\">\n\t\t\t\t\t\t<span class=\"elementor-screen-only\">Facebook<\/span>\n\t\t\t\t\t\t<svg aria-hidden=\"true\" class=\"e-font-icon-svg e-fab-facebook\" viewBox=\"0 0 512 512\" xmlns=\"http:\/\/www.w3.org\/2000\/svg\"><path d=\"M504 256C504 119 393 8 256 8S8 119 8 256c0 123.78 90.69 226.38 209.25 245V327.69h-63V256h63v-54.64c0-62.15 37-96.48 93.67-96.48 27.14 0 55.52 4.84 55.52 4.84v61h-31.28c-30.8 0-40.41 19.12-40.41 38.73V256h68.78l-11 71.69h-57.78V501C413.31 482.38 504 379.78 504 256z\"><\/path><\/svg>\t\t\t\t\t<\/a>\n\t\t\t\t<\/span>\n\t\t\t\t\t\t\t<span class=\"elementor-grid-item\" role=\"listitem\">\n\t\t\t\t\t<a class=\"elementor-icon elementor-social-icon elementor-social-icon-instagram elementor-repeater-item-04f5abe\" href=\"https:\/\/www.instagram.com\/normalindthomsen\/\" target=\"_blank\">\n\t\t\t\t\t\t<span class=\"elementor-screen-only\">Instagram<\/span>\n\t\t\t\t\t\t<svg aria-hidden=\"true\" class=\"e-font-icon-svg e-fab-instagram\" viewBox=\"0 0 448 512\" xmlns=\"http:\/\/www.w3.org\/2000\/svg\"><path d=\"M224.1 141c-63.6 0-114.9 51.3-114.9 114.9s51.3 114.9 114.9 114.9S339 319.5 339 255.9 287.7 141 224.1 141zm0 189.6c-41.1 0-74.7-33.5-74.7-74.7s33.5-74.7 74.7-74.7 74.7 33.5 74.7 74.7-33.6 74.7-74.7 74.7zm146.4-194.3c0 14.9-12 26.8-26.8 26.8-14.9 0-26.8-12-26.8-26.8s12-26.8 26.8-26.8 26.8 12 26.8 26.8zm76.1 27.2c-1.7-35.9-9.9-67.7-36.2-93.9-26.2-26.2-58-34.4-93.9-36.2-37-2.1-147.9-2.1-184.9 0-35.8 1.7-67.6 9.9-93.9 36.1s-34.4 58-36.2 93.9c-2.1 37-2.1 147.9 0 184.9 1.7 35.9 9.9 67.7 36.2 93.9s58 34.4 93.9 36.2c37 2.1 147.9 2.1 184.9 0 35.9-1.7 67.7-9.9 93.9-36.2 26.2-26.2 34.4-58 36.2-93.9 2.1-37 2.1-147.8 0-184.8zM398.8 388c-7.8 19.6-22.9 34.7-42.6 42.6-29.5 11.7-99.5 9-132.1 9s-102.7 2.6-132.1-9c-19.6-7.8-34.7-22.9-42.6-42.6-11.7-29.5-9-99.5-9-132.1s-2.6-102.7 9-132.1c7.8-19.6 22.9-34.7 42.6-42.6 29.5-11.7 99.5-9 132.1-9s102.7-2.6 132.1 9c19.6 7.8 34.7 22.9 42.6 42.6 11.7 29.5 9 99.5 9 132.1s2.7 102.7-9 132.1z\"><\/path><\/svg>\t\t\t\t\t<\/a>\n\t\t\t\t<\/span>\n\t\t\t\t\t<\/div>\n\t\t\t\t\t\t<\/div>\n\t\t\t\t<\/div>\n\t\t\t\t<\/div>\n\t\t<div class=\"elementor-element elementor-element-659cc762 e-con-full e-flex e-con e-child\" data-id=\"659cc762\" data-element_type=\"container\" data-e-type=\"container\">\n\t\t\t\t<div class=\"elementor-element elementor-element-736cbf66 elementor-widget elementor-widget-heading\" data-id=\"736cbf66\" data-element_type=\"widget\" data-e-type=\"widget\" data-widget_type=\"heading.default\">\n\t\t\t\t<div class=\"elementor-widget-container\">\n\t\t\t\t\t<h3 class=\"elementor-heading-title elementor-size-default\">LINKS<\/h3>\t\t\t\t<\/div>\n\t\t\t\t<\/div>\n\t\t\t\t<div class=\"elementor-element elementor-element-5bc1868c elementor-widget elementor-widget-text-editor\" data-id=\"5bc1868c\" data-element_type=\"widget\" data-e-type=\"widget\" data-widget_type=\"text-editor.default\">\n\t\t\t\t<div class=\"elementor-widget-container\">\n\t\t\t\t\t\t\t\t\t<p style=\"text-align: center;\"><span style=\"color: #ffffff;\"><a style=\"color: #ffffff;\" href=\"https:\/\/normalind.dk\/index.php\/teamcoaching\/\">TEAMCOACHING<\/a><\/span><\/p><p style=\"text-align: center;\"><a href=\"https:\/\/normalind.dk\/index.php\/ledercoaching\/\"><span style=\"color: #ffffff;\"><span style=\"color: #ffffff; letter-spacing: 0px;\">LEDELSESCOACHING<\/span><\/span><\/a><\/p><p style=\"text-align: center;\"><span style=\"color: #ffffff;\"><a style=\"color: #ffffff;\" href=\"https:\/\/normalind.dk\/index.php\/personligcoaching\/\">PERSONLIG COACHING<\/a><\/span><\/p><p style=\"text-align: center;\"><span style=\"color: #ffffff;\"><a style=\"color: #ffffff;\" href=\"https:\/\/normalind.dk\/index.php\/om-mig-norma-lind\/\">OM NORMA LIND<\/a><\/span><\/p><p style=\"text-align: center;\"><span style=\"color: #ffffff;\"><a style=\"color: #ffffff;\" href=\"https:\/\/normalind.dk\/index.php\/referencer\/\">REFERENCER<\/a><\/span><\/p><p style=\"text-align: center;\"><span style=\"color: #ffffff;\"><a style=\"color: #ffffff;\" href=\"https:\/\/normalind.dk\/index.php\/kontakt-norma-lind\/\">KONTAKT<\/a><\/span><\/p><p style=\"text-align: center;\"><span style=\"color: #ffffff;\"><a style=\"color: #ffffff;\" href=\"https:\/\/normalind.dk\/index.php\/book-norma-lind-coach\/\">BOOK<\/a><\/span><\/p><p style=\"text-align: center;\"><a href=\"https:\/\/normalind.dk\/\"><span style=\"color: #ffffff;\">PRIVATLIVSPOLITIK<\/span><span style=\"color: #ffffff; letter-spacing: 0px;\">\u00a0<\/span><\/a><\/p>\t\t\t\t\t\t\t\t<\/div>\n\t\t\t\t<\/div>\n\t\t\t\t<\/div>\n\t\t\t\t\t<\/div>\n\t\t\t\t<\/div>\n\t\t\t\t<\/div>\n\t\t","protected":false},"excerpt":{"rendered":"<p>DET SIGER ANDRE Udtalelse fra 1:1 coaching-klient: &#8220;Norma har givet mig en stor indsigt i, hvordan jeg selv anskuer og arbejder med problemstillinger. Hun er s\u00e6rligt dygtig til at hj\u00e6lpe med at sk\u00e6re ind til problemets kerne og skabe klarhed d\u00e9r, hvor der f\u00f8r var&nbsp;<a class=\"read-more\" href=\"https:\/\/normalind.dk\/index.php\/referencer\/\">&hellip;<\/a><\/p>\n","protected":false},"author":1,"featured_media":0,"parent":0,"menu_order":0,"comment_status":"closed","ping_status":"closed","template":"","meta":{"_monsterinsights_skip_tracking":false,"_monsterinsights_sitenote_active":false,"_monsterinsights_sitenote_note":"","_monsterinsights_sitenote_category":0,"footnotes":""},"class_list":["post-244","page","type-page","status-publish","hentry"],"yoast_head":"<!-- This site is optimized with the Yoast SEO plugin v26.6 - https:\/\/yoast.com\/wordpress\/plugins\/seo\/ -->\n<title>REFERENCER - NORMA LIND<\/title>\n<meta name=\"robots\" content=\"index, follow, max-snippet:-1, max-image-preview:large, max-video-preview:-1\" \/>\n<link rel=\"canonical\" href=\"https:\/\/normalind.dk\/index.php\/referencer\/\" \/>\n<meta property=\"og:locale\" content=\"da_DK\" \/>\n<meta property=\"og:type\" content=\"article\" \/>\n<meta property=\"og:title\" content=\"REFERENCER - NORMA LIND\" \/>\n<meta property=\"og:description\" content=\"DET SIGER ANDRE Udtalelse fra 1:1 coaching-klient: &#8220;Norma har givet mig en stor indsigt i, hvordan jeg selv anskuer og arbejder med problemstillinger. Hun er s\u00e6rligt dygtig til at hj\u00e6lpe med at sk\u00e6re ind til problemets kerne og skabe klarhed d\u00e9r, hvor der f\u00f8r var&nbsp;&hellip;\" \/>\n<meta property=\"og:url\" content=\"https:\/\/normalind.dk\/index.php\/referencer\/\" \/>\n<meta property=\"og:site_name\" content=\"NORMA LIND\" \/>\n<meta property=\"article:modified_time\" content=\"2026-03-05T10:11:09+00:00\" \/>\n<meta property=\"og:image\" content=\"https:\/\/normalind.dk\/wp-content\/uploads\/2026\/03\/Agwa-logo.png\" \/>\n\t<meta property=\"og:image:width\" content=\"668\" \/>\n\t<meta property=\"og:image:height\" content=\"198\" \/>\n\t<meta property=\"og:image:type\" content=\"image\/png\" \/>\n<meta name=\"twitter:card\" content=\"summary_large_image\" \/>\n<meta name=\"twitter:label1\" content=\"Estimeret l\u00e6setid\" \/>\n\t<meta name=\"twitter:data1\" content=\"2 minutter\" \/>\n<script type=\"application\/ld+json\" class=\"yoast-schema-graph\">{\"@context\":\"https:\/\/schema.org\",\"@graph\":[{\"@type\":\"WebPage\",\"@id\":\"https:\/\/normalind.dk\/index.php\/referencer\/\",\"url\":\"https:\/\/normalind.dk\/index.php\/referencer\/\",\"name\":\"REFERENCER - NORMA LIND\",\"isPartOf\":{\"@id\":\"https:\/\/normalind.dk\/#website\"},\"primaryImageOfPage\":{\"@id\":\"https:\/\/normalind.dk\/index.php\/referencer\/#primaryimage\"},\"image\":{\"@id\":\"https:\/\/normalind.dk\/index.php\/referencer\/#primaryimage\"},\"thumbnailUrl\":\"https:\/\/normalind.dk\/wp-content\/uploads\/2026\/03\/Agwa-logo-300x89.png\",\"datePublished\":\"2020-03-02T19:01:14+00:00\",\"dateModified\":\"2026-03-05T10:11:09+00:00\",\"breadcrumb\":{\"@id\":\"https:\/\/normalind.dk\/index.php\/referencer\/#breadcrumb\"},\"inLanguage\":\"da-DK\",\"potentialAction\":[{\"@type\":\"ReadAction\",\"target\":[\"https:\/\/normalind.dk\/index.php\/referencer\/\"]}]},{\"@type\":\"ImageObject\",\"inLanguage\":\"da-DK\",\"@id\":\"https:\/\/normalind.dk\/index.php\/referencer\/#primaryimage\",\"url\":\"https:\/\/normalind.dk\/wp-content\/uploads\/2026\/03\/Agwa-logo.png\",\"contentUrl\":\"https:\/\/normalind.dk\/wp-content\/uploads\/2026\/03\/Agwa-logo.png\",\"width\":668,\"height\":198},{\"@type\":\"BreadcrumbList\",\"@id\":\"https:\/\/normalind.dk\/index.php\/referencer\/#breadcrumb\",\"itemListElement\":[{\"@type\":\"ListItem\",\"position\":1,\"name\":\"Hjem\",\"item\":\"https:\/\/normalind.dk\/\"},{\"@type\":\"ListItem\",\"position\":2,\"name\":\"REFERENCER\"}]},{\"@type\":\"WebSite\",\"@id\":\"https:\/\/normalind.dk\/#website\",\"url\":\"https:\/\/normalind.dk\/\",\"name\":\"NORMA LIND\",\"description\":\"Udvikler mennesker med omtanke\",\"potentialAction\":[{\"@type\":\"SearchAction\",\"target\":{\"@type\":\"EntryPoint\",\"urlTemplate\":\"https:\/\/normalind.dk\/?s={search_term_string}\"},\"query-input\":{\"@type\":\"PropertyValueSpecification\",\"valueRequired\":true,\"valueName\":\"search_term_string\"}}],\"inLanguage\":\"da-DK\"}]}<\/script>\n<!-- \/ Yoast SEO plugin. -->","yoast_head_json":{"title":"REFERENCER - NORMA LIND","robots":{"index":"index","follow":"follow","max-snippet":"max-snippet:-1","max-image-preview":"max-image-preview:large","max-video-preview":"max-video-preview:-1"},"canonical":"https:\/\/normalind.dk\/index.php\/referencer\/","og_locale":"da_DK","og_type":"article","og_title":"REFERENCER - NORMA LIND","og_description":"DET SIGER ANDRE Udtalelse fra 1:1 coaching-klient: &#8220;Norma har givet mig en stor indsigt i, hvordan jeg selv anskuer og arbejder med problemstillinger. Hun er s\u00e6rligt dygtig til at hj\u00e6lpe med at sk\u00e6re ind til problemets kerne og skabe klarhed d\u00e9r, hvor der f\u00f8r var&nbsp;&hellip;","og_url":"https:\/\/normalind.dk\/index.php\/referencer\/","og_site_name":"NORMA LIND","article_modified_time":"2026-03-05T10:11:09+00:00","og_image":[{"width":668,"height":198,"url":"https:\/\/normalind.dk\/wp-content\/uploads\/2026\/03\/Agwa-logo.png","type":"image\/png"}],"twitter_card":"summary_large_image","twitter_misc":{"Estimeret l\u00e6setid":"2 minutter"},"schema":{"@context":"https:\/\/schema.org","@graph":[{"@type":"WebPage","@id":"https:\/\/normalind.dk\/index.php\/referencer\/","url":"https:\/\/normalind.dk\/index.php\/referencer\/","name":"REFERENCER - NORMA LIND","isPartOf":{"@id":"https:\/\/normalind.dk\/#website"},"primaryImageOfPage":{"@id":"https:\/\/normalind.dk\/index.php\/referencer\/#primaryimage"},"image":{"@id":"https:\/\/normalind.dk\/index.php\/referencer\/#primaryimage"},"thumbnailUrl":"https:\/\/normalind.dk\/wp-content\/uploads\/2026\/03\/Agwa-logo-300x89.png","datePublished":"2020-03-02T19:01:14+00:00","dateModified":"2026-03-05T10:11:09+00:00","breadcrumb":{"@id":"https:\/\/normalind.dk\/index.php\/referencer\/#breadcrumb"},"inLanguage":"da-DK","potentialAction":[{"@type":"ReadAction","target":["https:\/\/normalind.dk\/index.php\/referencer\/"]}]},{"@type":"ImageObject","inLanguage":"da-DK","@id":"https:\/\/normalind.dk\/index.php\/referencer\/#primaryimage","url":"https:\/\/normalind.dk\/wp-content\/uploads\/2026\/03\/Agwa-logo.png","contentUrl":"https:\/\/normalind.dk\/wp-content\/uploads\/2026\/03\/Agwa-logo.png","width":668,"height":198},{"@type":"BreadcrumbList","@id":"https:\/\/normalind.dk\/index.php\/referencer\/#breadcrumb","itemListElement":[{"@type":"ListItem","position":1,"name":"Hjem","item":"https:\/\/normalind.dk\/"},{"@type":"ListItem","position":2,"name":"REFERENCER"}]},{"@type":"WebSite","@id":"https:\/\/normalind.dk\/#website","url":"https:\/\/normalind.dk\/","name":"NORMA LIND","description":"Udvikler mennesker med omtanke","potentialAction":[{"@type":"SearchAction","target":{"@type":"EntryPoint","urlTemplate":"https:\/\/normalind.dk\/?s={search_term_string}"},"query-input":{"@type":"PropertyValueSpecification","valueRequired":true,"valueName":"search_term_string"}}],"inLanguage":"da-DK"}]}},"_links":{"self":[{"href":"https:\/\/normalind.dk\/index.php\/wp-json\/wp\/v2\/pages\/244","targetHints":{"allow":["GET"]}}],"collection":[{"href":"https:\/\/normalind.dk\/index.php\/wp-json\/wp\/v2\/pages"}],"about":[{"href":"https:\/\/normalind.dk\/index.php\/wp-json\/wp\/v2\/types\/page"}],"author":[{"embeddable":true,"href":"https:\/\/normalind.dk\/index.php\/wp-json\/wp\/v2\/users\/1"}],"replies":[{"embeddable":true,"href":"https:\/\/normalind.dk\/index.php\/wp-json\/wp\/v2\/comments?post=244"}],"version-history":[{"count":41,"href":"https:\/\/normalind.dk\/index.php\/wp-json\/wp\/v2\/pages\/244\/revisions"}],"predecessor-version":[{"id":1373,"href":"https:\/\/normalind.dk\/index.php\/wp-json\/wp\/v2\/pages\/244\/revisions\/1373"}],"wp:attachment":[{"href":"https:\/\/normalind.dk\/index.php\/wp-json\/wp\/v2\/media?parent=244"}],"curies":[{"name":"wp","href":"https:\/\/api.w.org\/{rel}","templated":true}]}}